{"id":2889,"date":"2023-12-19T09:21:55","date_gmt":"2023-12-19T09:21:55","guid":{"rendered":"https:\/\/decowell.se\/politique-de-confidentialite\/"},"modified":"2024-04-26T12:56:05","modified_gmt":"2024-04-26T12:56:05","slug":"politique-de-confidentialite","status":"publish","type":"page","link":"https:\/\/decowell.se\/fr\/politique-de-confidentialite\/","title":{"rendered":"Politique de Confidentialit\u00e9"},"content":{"rendered":"<p>[et_pb_section fb_built=\u00a0\u00bb1&Prime; _builder_version=\u00a0\u00bb4.24.3&Prime; _module_preset=\u00a0\u00bb036a7c36-1865-4219-86ed-c5a6422b4ec2&Prime; background_color=\u00a0\u00bb#CEE8F0&Prime; global_colors_info=\u00a0\u00bb{}\u00a0\u00bb][et_pb_row _builder_version=\u00a0\u00bb4.24.3&Prime; _module_preset=\u00a0\u00bbae0b4941-28da-445a-9b02-496001b21389&Prime; custom_padding=\u00a0\u00bb157px||90px||false|false\u00a0\u00bb custom_padding_tablet=\u00a0\u00bb170px||80px||false|false\u00a0\u00bb custom_padding_phone=\u00a0\u00bb140px||60px||false|false\u00a0\u00bb global_colors_info=\u00a0\u00bb{}\u00a0\u00bb][et_pb_column type=\u00a0\u00bb4_4&Prime; _builder_version=\u00a0\u00bb4.23.1&Prime; _module_preset=\u00a0\u00bbdefault\u00a0\u00bb global_colors_info=\u00a0\u00bb{}\u00a0\u00bb][et_pb_text _builder_version=\u00a0\u00bb4.24.3&Prime; _module_preset=\u00a0\u00bb_initial\u00a0\u00bb header_text_align=\u00a0\u00bbcenter\u00a0\u00bb global_colors_info=\u00a0\u00bb{}\u00a0\u00bb]<\/p>\n<h1>Politique de Confidentialit\u00e9<\/h1>\n<p>[\/et_pb_text][\/et_pb_column][\/et_pb_row][\/et_pb_section][et_pb_section fb_built=\u00a0\u00bb1&Prime; _builder_version=\u00a0\u00bb4.23.1&Prime; _module_preset=\u00a0\u00bb036a7c36-1865-4219-86ed-c5a6422b4ec2&Prime; global_colors_info=\u00a0\u00bb{}\u00a0\u00bb][et_pb_row _builder_version=\u00a0\u00bb4.23.1&Prime; _module_preset=\u00a0\u00bb40cb5323-4511-4b85-b28f-0f482b2af52e\u00a0\u00bb custom_padding=\u00a0\u00bb30px||30px||true|false\u00a0\u00bb custom_padding_tablet=\u00a0\u00bb30px||30px||true|false\u00a0\u00bb custom_padding_phone=\u00a0\u00bb20px||20px||true|false\u00a0\u00bb global_colors_info=\u00a0\u00bb{}\u00a0\u00bb][et_pb_column type=\u00a0\u00bb4_4&Prime; _builder_version=\u00a0\u00bb4.23.1&Prime; _module_preset=\u00a0\u00bbdefault\u00a0\u00bb global_colors_info=\u00a0\u00bb{}\u00a0\u00bb][et_pb_text _builder_version=\u00a0\u00bb4.24.3&Prime; _module_preset=\u00a0\u00bbdefault\u00a0\u00bb text_font_size=\u00a0\u00bb14px\u00a0\u00bb text_font_size_tablet=\u00a0\u00bb14px\u00a0\u00bb text_font_size_phone=\u00a0\u00bb13px\u00a0\u00bb global_colors_info=\u00a0\u00bb{%22gcid-f300beeb-ffe2-44f3-8824-bc74bf267e3b%22:%91%22header_4_text_color%22,%22header_3_text_color%22,%22header_text_color%22,%22header_2_text_color%22,%22header_5_text_color%22,%22header_4_text_color%22,%22header_3_text_color%22,%22header_text_color%22,%22header_2_text_color%22,%22header_5_text_color%22,%22header_4_text_color%22,%22header_3_text_color%22,%22header_text_color%22,%22header_2_text_color%22,%22header_5_text_color%22%93,%22gcid-f9c54161-3ae8-45ad-8718-11e94c83123d%22:%91%22link_text_color%22,%22link_text_color%22,%22link_text_color%22%93,%22gcid-ad0c90e8-a717-4064-a65e-3012fb4a9d58%22:%91%22link_text_color__hover%22,%22link_text_color__hover%22,%22link_text_color__hover%22%93}\u00a0\u00bb]<\/p>\n<p>Halmstad, Sweden. 17\/4 2024. v1.<\/p>\n<p>[\/et_pb_text][\/et_pb_column][\/et_pb_row][et_pb_row _builder_version=\u00a0\u00bb4.23.1&Prime; _module_preset=\u00a0\u00bb40cb5323-4511-4b85-b28f-0f482b2af52e\u00a0\u00bb custom_padding=\u00a0\u00bb20px||100px||false|false\u00a0\u00bb custom_padding_tablet=\u00a0\u00bb20px||80px||false|false\u00a0\u00bb custom_padding_phone=\u00a0\u00bb20px||60px||false|false\u00a0\u00bb global_colors_info=\u00a0\u00bb{}\u00a0\u00bb][et_pb_column type=\u00a0\u00bb4_4&Prime; _builder_version=\u00a0\u00bb4.23.1&Prime; _module_preset=\u00a0\u00bbdefault\u00a0\u00bb global_colors_info=\u00a0\u00bb{}\u00a0\u00bb][et_pb_text _builder_version=\u00a0\u00bb4.24.3&Prime; _module_preset=\u00a0\u00bb_initial\u00a0\u00bb text_line_height=\u00a0\u00bb1.6em\u00a0\u00bb header_2_font_size=\u00a0\u00bb34px\u00a0\u00bb header_3_font_size=\u00a0\u00bb20px\u00a0\u00bb custom_margin=\u00a0\u00bb||0px||false|false\u00a0\u00bb header_2_font_size_tablet=\u00a0\u00bb30px\u00a0\u00bb header_2_font_size_phone=\u00a0\u00bb22px\u00a0\u00bb header_2_font_size_last_edited=\u00a0\u00bbon|phone\u00a0\u00bb header_3_font_size_tablet=\u00a0\u00bb18px\u00a0\u00bb header_3_font_size_phone=\u00a0\u00bb16px\u00a0\u00bb locked=\u00a0\u00bboff\u00a0\u00bb global_colors_info=\u00a0\u00bb{%22gcid-f300beeb-ffe2-44f3-8824-bc74bf267e3b%22:%91%22header_4_text_color%22,%22header_3_text_color%22,%22header_text_color%22,%22header_2_text_color%22,%22header_5_text_color%22,%22header_4_text_color%22,%22header_3_text_color%22,%22header_text_color%22,%22header_2_text_color%22,%22header_5_text_color%22%93,%22gcid-f9c54161-3ae8-45ad-8718-11e94c83123d%22:%91%22link_text_color%22,%22link_text_color%22%93,%22gcid-ad0c90e8-a717-4064-a65e-3012fb4a9d58%22:%91%22link_text_color__hover%22,%22link_text_color__hover%22%93}\u00a0\u00bb]<\/p>\n<p>Decowell prot\u00e8ge votre vie priv\u00e9e personnelle et s&rsquo;efforce toujours de prot\u00e9ger au mieux possible vos donn\u00e9es. Cette politique de confidentialit\u00e9 d\u00e9taille comment nous recueillons et utilisons vos informations personnelles. Elle d\u00e9crit \u00e9galement vos droits et comment les exercer.<\/p>\n<p>&nbsp;<\/p>\n<h3>Vous avez toujours le droit de :<\/h3>\n<ul>\n<li>Connaitre quelles donn\u00e9es personnelles nous avons enregistr\u00e9es vous concernant<\/li>\n<li>Demander leur correction ou leur suppression<\/li>\n<li>Retirer votre consentement totalement ou en partie<\/li>\n<\/ul>\n<h3>Responsabilit\u00e9 des Donn\u00e9es Personnelles<\/h3>\n<p>Decowell KB, num\u00e9ro d&rsquo;enregistrement 969601-0488, est responsable du traitement des donn\u00e9es personnelles au sein de l&rsquo;activit\u00e9 de Decowell.<\/p>\n<p>&nbsp;<\/p>\n<h2>Quelles sont les donn\u00e9es personnelles ?<\/h2>\n<p>Toute information qui peut \u00eatre directement ou indirectement associ\u00e9e \u00e0 une personne physique vivante est consid\u00e9r\u00e9e comme une donn\u00e9e personnelle en vertu de la loi. Par exemple, les noms, adresses email, photos et adresses IP.<\/p>\n<p>&nbsp;<\/p>\n<h2>Quelles donn\u00e9es personnelles recueillons-nous et pourquoi ?<\/h2>\n<h3><\/h3>\n<h3>Newsletter<\/h3>\n<p>Si vous souhaitez rester en contact avec nous et recevoir des emails, des informations, des invitations et des nouvelles, nous avons besoin de votre adresse email, de votre num\u00e9ro de t\u00e9l\u00e9phone, de votre nom et de la soci\u00e9t\u00e9 dans laquelle vous travaillez. Lorsque vous vous inscrivez, vous donnez \u00e9galement votre consentement pour cet envoi. Vous pouvez \u00e0 tout moment choisir de vous d\u00e9sabonner.<\/p>\n<p>&nbsp;<\/p>\n<h3>Donn\u00e9es Clients<\/h3>\n<p>Nous recueillons et stockons uniquement les donn\u00e9es personnelles de clients actuels et potentiels qui sont n\u00e9cessaires pour remplir notre contrat. Par exemple, des informations sur l&rsquo;entreprise, les personnes de contact et comment les joindre. Nous conservons les informations pendant la dur\u00e9e de notre collaboration et jusqu&rsquo;\u00e0 24 mois apr\u00e8s la fin de celle-ci.<\/p>\n<p>&nbsp;<\/p>\n<h3>R\u00e9clamations<\/h3>\n<p>En vertu de la loi, nous sommes oblig\u00e9s de recevoir et de traiter les r\u00e9clamations concernant les produits de Decowell conform\u00e9ment \u00e0 la l\u00e9gislation en vigueur.<\/p>\n<p>&nbsp;<\/p>\n<h3>S\u00e9minaires, Conf\u00e9rences et Formations<\/h3>\n<p>Lorsque vous vous inscrivez \u00e0 un \u00e9v\u00e9nement, nous avons besoin de vos coordonn\u00e9es pour envoyer une confirmation de r\u00e9servation et une facture, et pour organiser l&rsquo;\u00e9v\u00e9nement lui-m\u00eame. Nous utilisons ensuite les donn\u00e9es uniquement aussi longtemps que la loi comptable l&rsquo;exige.<\/p>\n<p>&nbsp;<\/p>\n<h3>Recrutement et \u00c9ventuelle Nouvelle Embauche<\/h3>\n<p>Pour pouvoir g\u00e9rer les candidatures, les \u00e9ventuelles nouvelles embauches et nos employ\u00e9s, nous avons besoin de donn\u00e9es personnelles, telles que le nom, l&rsquo;adresse email, le num\u00e9ro de s\u00e9curit\u00e9 sociale et l&rsquo;adresse physique.<\/p>\n<p>Lorsque nous recrutons, nous utilisons les donn\u00e9es pour pouvoir r\u00e9aliser ou conclure le processus de recrutement. En termes juridiques, il est dans notre int\u00e9r\u00eat l\u00e9gitime de collecter les informations dans ce contexte. Nous conservons les documents de recrutement pendant 24 mois \u00e0 partir de leur soumission.<\/p>\n<p>&nbsp;<\/p>\n<h3>Employ\u00e9s<\/h3>\n<p>Employ\u00e9s Les informations sur les employ\u00e9s sont utilis\u00e9es uniquement pour remplir nos obligations en vertu du contrat de travail et pour respecter les r\u00e8glements l\u00e9gaux et les conventions collectives. Les informations sur les anciens employ\u00e9s ne sont conserv\u00e9es que pour r\u00e9pondre aux exigences l\u00e9gales de la loi comptable. Les autres informations sont supprim\u00e9es.<\/p>\n<p>&nbsp;<\/p>\n<h3>Cookies<\/h3>\n<p>Notre site web utilise des cookies. Nous utilisons principalement des cookies pour am\u00e9liorer et analyser votre exp\u00e9rience sur nos sites web ainsi qu&rsquo;\u00e0 des fins de marketing. Nous respectons votre droit \u00e0 la vie priv\u00e9e et vous pouvez choisir de ne pas autoriser certains cookies \u00e0 tout moment. Bloquer certains types de cookies peut avoir un impact n\u00e9gatif sur votre navigation sur le site et limiter les services que nous pouvons offrir.<\/p>\n<p>&nbsp;<\/p>\n<h3>Outils d&rsquo;Analyse<\/h3>\n<p>Nous utilisons l&rsquo;outil statistique Google Analytics pour mesurer et analyser le trafic et le comportement des utilisateurs sur notre site. En \u00e9valuant les informations, nous pouvons d\u00e9velopper le contenu du site et notre offre. Nous utilisons uniquement des donn\u00e9es anonymis\u00e9es dans l&rsquo;analyse.<\/p>\n<p>&nbsp;<\/p>\n<h3>LinkedIn\/Facebook\/Instagram<\/h3>\n<p>Nous utilisons \u00e9galement une balise de Linkedin et un Pixel de Meta. Cela fonctionne comme un outil d&rsquo;analyse pour offrir des informations\/publicit\u00e9s adapt\u00e9es \u00e0 vos propres centres d&rsquo;int\u00e9r\u00eat sur les r\u00e9seaux sociaux.<\/p>\n<p>&nbsp;<\/p>\n<h3>Film et Photographie<\/h3>\n<p>Il se peut que nous prenions des photos lorsque nous avons des formations, des s\u00e9minaires, des \u00e9v\u00e9nements internes ou externes pour documenter et pr\u00e9senter ce qui se passe dans notre activit\u00e9. Les images peuvent \u00eatre publi\u00e9es sur notre site ou sur des canaux sociaux comme LinkedIn. Si vous souhaitez que nous retirions une photo o\u00f9 vous apparaissez, contactez-nous \u00e0 <a href=\"mailto:info@decowell.se\">info@decowell.se<\/a>.<\/p>\n<p>&nbsp;<\/p>\n<h2>Qui a les donn\u00e9es ?<\/h2>\n<p>Nous avons des fournisseurs, appel\u00e9s sous-traitants, qui nous aident avec des services tels que l&rsquo;informatique, les syst\u00e8mes de recrutement et les outils de vente. Lorsque c&rsquo;est n\u00e9cessaire &#8211; et seulement alors &#8211; nous partageons vos donn\u00e9es personnelles avec eux. Pour ces fournisseurs, nous avons des contrats de traitement de donn\u00e9es qui stipulent qu&rsquo;ils ne peuvent utiliser les informations que selon nos instructions.<\/p>\n<p>Nous pouvons \u00e9galement \u00eatre amen\u00e9s \u00e0 partager les donn\u00e9es avec des autorit\u00e9s gouvernementales conform\u00e9ment \u00e0 la loi.<\/p>\n<p>&nbsp;<\/p>\n<h2>O\u00f9 conservons-nous vos donn\u00e9es ?<\/h2>\n<p>Nous avons des syst\u00e8mes et des processus internes pour garantir que toutes les informations que nous traitons et conservons sont prot\u00e9g\u00e9es contre les acc\u00e8s non autoris\u00e9s. Seuls les employ\u00e9s qui en ont besoin ont acc\u00e8s aux donn\u00e9es personnelles que nous stockons.<\/p>\n<p>Notre objectif est de traiter vos donn\u00e9es personnelles au sein de l&rsquo;UE\/EEE, mais m\u00eame si certains de nos fournisseurs sont \u00e9tablis ou stockent des informations dans d&rsquo;autres pays, nous partageons vos donn\u00e9es personnelles conform\u00e9ment au RGPD.<\/p>\n<p>&nbsp;<\/p>\n<h2>D&rsquo;o\u00f9 proviennent vos donn\u00e9es personnelles ?<\/h2>\n<p>Outre les donn\u00e9es personnelles que vous nous fournissez, nous pouvons obtenir des informations qui sont publiquement disponibles aupr\u00e8s de tiers comme LinkedIn pour g\u00e9rer les processus de recrutement. Dans ces situations, nous vous en informons et vous devez consentir \u00e0 ce que nous enregistrions les informations.<\/p>\n<p>&nbsp;<\/p>\n<h2>Modifications de la Politique de Confidentialit\u00e9<\/h2>\n<p>Nous pourrions avoir besoin d&rsquo;apporter des modifications \u00e0 notre politique en raison, par exemple, de changements l\u00e9gislatifs, de directives, de r\u00e8glements ou de pratiques judiciaires sur lesquels nous n&rsquo;avons aucun contr\u00f4le. La derni\u00e8re version est toujours disponible sur decowell.se.<\/p>\n<p>&nbsp;<\/p>\n<h2>Informations, Corrections et Suppressions<\/h2>\n<p>Vous avez le droit d&rsquo;acc\u00e9der aux donn\u00e9es personnelles vous concernant que nous traitons et stockons. Vous pouvez \u00e9galement corriger, compl\u00e9ter et supprimer des informations qui ne sont pas n\u00e9cessaires pour des raisons l\u00e9gales. Si vous souhaitez obtenir un extrait de registre, vous devez nous envoyer votre demande par lettre physique car nous avons besoin de votre signature.<\/p>\n<p>Gardez \u00e0 l&rsquo;esprit que dans certains cas, nous ne pouvons pas supprimer imm\u00e9diatement vos donn\u00e9es personnelles pour des raisons l\u00e9gales.<\/p>\n<p>&nbsp;<\/p>\n<h2>Contact<\/h2>\n<p>Si vous souhaitez nous contacter concernant vos donn\u00e9es personnelles, vous \u00eates les bienvenus pour envoyer un email \u00e0 <a href=\"mailto:info@decowell.se\">info@decowell.se<\/a> ou appeler le +46 8 748 1760<\/p>\n<p>[\/et_pb_text][\/et_pb_column][\/et_pb_row][\/et_pb_section]<\/p>\n","protected":false},"excerpt":{"rendered":"<p>Politique de Confidentialit\u00e9Halmstad, Sweden. 17\/4 2024. v1.Decowell prot\u00e8ge votre vie priv\u00e9e personnelle et s&rsquo;efforce toujours de prot\u00e9ger au mieux possible vos donn\u00e9es. Cette politique de confidentialit\u00e9 d\u00e9taille comment nous recueillons et utilisons vos informations personnelles. Elle d\u00e9crit \u00e9galement vos droits et comment les exercer. &nbsp; Vous avez toujours le droit de : Connaitre quelles donn\u00e9es [&hellip;]<\/p>\n","protected":false},"author":2,"featured_media":0,"parent":0,"menu_order":0,"comment_status":"closed","ping_status":"closed","template":"","meta":{"_et_pb_use_builder":"on","_et_pb_old_content":"","_et_gb_content_width":"","footnotes":""},"class_list":["post-2889","page","type-page","status-publish","hentry"],"yoast_head":"<!-- This site is optimized with the Yoast SEO plugin v27.5 - https:\/\/yoast.com\/product\/yoast-seo-wordpress\/ -->\n<title>Politique de Confidentialit\u00e9 | Decowell<\/title>\n<meta name=\"robots\" content=\"index, follow, max-snippet:-1, max-image-preview:large, max-video-preview:-1\" \/>\n<link rel=\"canonical\" href=\"https:\/\/decowell.se\/fr\/politique-de-confidentialite\/\" \/>\n<meta property=\"og:locale\" content=\"fr_FR\" \/>\n<meta property=\"og:type\" content=\"article\" \/>\n<meta property=\"og:title\" content=\"Politique de Confidentialit\u00e9 | Decowell\" \/>\n<meta property=\"og:description\" content=\"Politique de Confidentialit\u00e9Halmstad, Sweden. 17\/4 2024. v1.Decowell prot\u00e8ge votre vie priv\u00e9e personnelle et s&#039;efforce toujours de prot\u00e9ger au mieux possible vos donn\u00e9es. Cette politique de confidentialit\u00e9 d\u00e9taille comment nous recueillons et utilisons vos informations personnelles. Elle d\u00e9crit \u00e9galement vos droits et comment les exercer. &nbsp; Vous avez toujours le droit de : Connaitre quelles donn\u00e9es [&hellip;]\" \/>\n<meta property=\"og:url\" content=\"https:\/\/decowell.se\/fr\/politique-de-confidentialite\/\" \/>\n<meta property=\"og:site_name\" content=\"Decowell\" \/>\n<meta property=\"article:modified_time\" content=\"2024-04-26T12:56:05+00:00\" \/>\n<meta name=\"twitter:card\" content=\"summary_large_image\" \/>\n<meta name=\"twitter:label1\" content=\"Dur\u00e9e de lecture estim\u00e9e\" \/>\n\t<meta name=\"twitter:data1\" content=\"8 minutes\" \/>\n<script type=\"application\/ld+json\" class=\"yoast-schema-graph\">{\"@context\":\"https:\\\/\\\/schema.org\",\"@graph\":[{\"@type\":\"WebPage\",\"@id\":\"https:\\\/\\\/decowell.se\\\/fr\\\/politique-de-confidentialite\\\/\",\"url\":\"https:\\\/\\\/decowell.se\\\/fr\\\/politique-de-confidentialite\\\/\",\"name\":\"Politique de Confidentialit\u00e9 | Decowell\",\"isPartOf\":{\"@id\":\"https:\\\/\\\/decowell.se\\\/fr\\\/#website\"},\"datePublished\":\"2023-12-19T09:21:55+00:00\",\"dateModified\":\"2024-04-26T12:56:05+00:00\",\"breadcrumb\":{\"@id\":\"https:\\\/\\\/decowell.se\\\/fr\\\/politique-de-confidentialite\\\/#breadcrumb\"},\"inLanguage\":\"fr-FR\",\"potentialAction\":[{\"@type\":\"ReadAction\",\"target\":[\"https:\\\/\\\/decowell.se\\\/fr\\\/politique-de-confidentialite\\\/\"]}]},{\"@type\":\"BreadcrumbList\",\"@id\":\"https:\\\/\\\/decowell.se\\\/fr\\\/politique-de-confidentialite\\\/#breadcrumb\",\"itemListElement\":[{\"@type\":\"ListItem\",\"position\":1,\"name\":\"Home\",\"item\":\"https:\\\/\\\/decowell.se\\\/fr\\\/\"},{\"@type\":\"ListItem\",\"position\":2,\"name\":\"Politique de Confidentialit\u00e9\"}]},{\"@type\":\"WebSite\",\"@id\":\"https:\\\/\\\/decowell.se\\\/fr\\\/#website\",\"url\":\"https:\\\/\\\/decowell.se\\\/fr\\\/\",\"name\":\"Decowell\",\"description\":\"Utforska v\u00e5ra unika produkter som sticker ut och ger ditt varum\u00e4rke ett starkare intryck i butik.\",\"potentialAction\":[{\"@type\":\"SearchAction\",\"target\":{\"@type\":\"EntryPoint\",\"urlTemplate\":\"https:\\\/\\\/decowell.se\\\/fr\\\/?s={search_term_string}\"},\"query-input\":{\"@type\":\"PropertyValueSpecification\",\"valueRequired\":true,\"valueName\":\"search_term_string\"}}],\"inLanguage\":\"fr-FR\"}]}<\/script>\n<!-- \/ Yoast SEO plugin. -->","yoast_head_json":{"title":"Politique de Confidentialit\u00e9 | Decowell","robots":{"index":"index","follow":"follow","max-snippet":"max-snippet:-1","max-image-preview":"max-image-preview:large","max-video-preview":"max-video-preview:-1"},"canonical":"https:\/\/decowell.se\/fr\/politique-de-confidentialite\/","og_locale":"fr_FR","og_type":"article","og_title":"Politique de Confidentialit\u00e9 | Decowell","og_description":"Politique de Confidentialit\u00e9Halmstad, Sweden. 17\/4 2024. v1.Decowell prot\u00e8ge votre vie priv\u00e9e personnelle et s'efforce toujours de prot\u00e9ger au mieux possible vos donn\u00e9es. Cette politique de confidentialit\u00e9 d\u00e9taille comment nous recueillons et utilisons vos informations personnelles. Elle d\u00e9crit \u00e9galement vos droits et comment les exercer. &nbsp; Vous avez toujours le droit de : Connaitre quelles donn\u00e9es [&hellip;]","og_url":"https:\/\/decowell.se\/fr\/politique-de-confidentialite\/","og_site_name":"Decowell","article_modified_time":"2024-04-26T12:56:05+00:00","twitter_card":"summary_large_image","twitter_misc":{"Dur\u00e9e de lecture estim\u00e9e":"8 minutes"},"schema":{"@context":"https:\/\/schema.org","@graph":[{"@type":"WebPage","@id":"https:\/\/decowell.se\/fr\/politique-de-confidentialite\/","url":"https:\/\/decowell.se\/fr\/politique-de-confidentialite\/","name":"Politique de Confidentialit\u00e9 | Decowell","isPartOf":{"@id":"https:\/\/decowell.se\/fr\/#website"},"datePublished":"2023-12-19T09:21:55+00:00","dateModified":"2024-04-26T12:56:05+00:00","breadcrumb":{"@id":"https:\/\/decowell.se\/fr\/politique-de-confidentialite\/#breadcrumb"},"inLanguage":"fr-FR","potentialAction":[{"@type":"ReadAction","target":["https:\/\/decowell.se\/fr\/politique-de-confidentialite\/"]}]},{"@type":"BreadcrumbList","@id":"https:\/\/decowell.se\/fr\/politique-de-confidentialite\/#breadcrumb","itemListElement":[{"@type":"ListItem","position":1,"name":"Home","item":"https:\/\/decowell.se\/fr\/"},{"@type":"ListItem","position":2,"name":"Politique de Confidentialit\u00e9"}]},{"@type":"WebSite","@id":"https:\/\/decowell.se\/fr\/#website","url":"https:\/\/decowell.se\/fr\/","name":"Decowell","description":"Utforska v\u00e5ra unika produkter som sticker ut och ger ditt varum\u00e4rke ett starkare intryck i butik.","potentialAction":[{"@type":"SearchAction","target":{"@type":"EntryPoint","urlTemplate":"https:\/\/decowell.se\/fr\/?s={search_term_string}"},"query-input":{"@type":"PropertyValueSpecification","valueRequired":true,"valueName":"search_term_string"}}],"inLanguage":"fr-FR"}]}},"_links":{"self":[{"href":"https:\/\/decowell.se\/fr\/wp-json\/wp\/v2\/pages\/2889","targetHints":{"allow":["GET"]}}],"collection":[{"href":"https:\/\/decowell.se\/fr\/wp-json\/wp\/v2\/pages"}],"about":[{"href":"https:\/\/decowell.se\/fr\/wp-json\/wp\/v2\/types\/page"}],"author":[{"embeddable":true,"href":"https:\/\/decowell.se\/fr\/wp-json\/wp\/v2\/users\/2"}],"replies":[{"embeddable":true,"href":"https:\/\/decowell.se\/fr\/wp-json\/wp\/v2\/comments?post=2889"}],"version-history":[{"count":0,"href":"https:\/\/decowell.se\/fr\/wp-json\/wp\/v2\/pages\/2889\/revisions"}],"wp:attachment":[{"href":"https:\/\/decowell.se\/fr\/wp-json\/wp\/v2\/media?parent=2889"}],"curies":[{"name":"wp","href":"https:\/\/api.w.org\/{rel}","templated":true}]}}